{"id":373,"date":"2018-09-15T14:09:32","date_gmt":"2018-09-15T12:09:32","guid":{"rendered":"http:\/\/chateau-du-rousset.fr\/wordpress\/?page_id=373"},"modified":"2018-11-09T11:43:26","modified_gmt":"2018-11-09T10:43:26","slug":"campagne-2014","status":"publish","type":"page","link":"http:\/\/chateau-du-rousset.fr\/wordpress\/index.php\/campagne-2014\/","title":{"rendered":"Campagne 2014"},"content":{"rendered":"<h4 class=\"row_title\" style=\"text-align: justify;\">La cl\u00f4ture du Rousset<\/h4>\n<div class=\"cols\" style=\"text-align: justify;\">\n<div class=\"col col_1_columns col_1 first_col last_col\">\n<div class=\"col_content\">\n<p>Un r\u00e9seau de cl\u00f4ture, d&rsquo;un kilom\u00e8tre environ,\u00a0entoure le ch\u00e2teau du Rousset. Du sud \u00e0 l\u2019ouest, la cl\u00f4ture enserre le promontoire rocheux sur une longueur de 56,34 m. Actuellement, cette cl\u00f4ture s\u2019\u00e9l\u00e8ve, \u00e0 peu pr\u00e8s r\u00e9guli\u00e8rement, sur une hauteur de 2 m. Des am\u00e9nagements laissent supposer une hauteur d&rsquo;origine de 3m, environ. L&rsquo;originalit\u00e9 de cette portion de cl\u00f4ture est de poss\u00e9der 1 canonni\u00e8re et 15 meurtri\u00e8res \u00e0 double orifice.<\/p>\n<p><img loading=\"lazy\" decoding=\"async\" class=\"alignnone wp-image-213 size-thumbnail\" src=\"http:\/\/chateau-du-rousset.fr\/wordpress\/wp-content\/uploads\/2018\/07\/m3-petit-150x150.jpg\" alt=\"\" width=\"150\" height=\"150\" srcset=\"http:\/\/chateau-du-rousset.fr\/wordpress\/wp-content\/uploads\/2018\/07\/m3-petit-150x150.jpg 150w, http:\/\/chateau-du-rousset.fr\/wordpress\/wp-content\/uploads\/2018\/07\/m3-petit-100x100.jpg 100w\" sizes=\"(max-width: 150px) 100vw, 150px\" \/>\u00a0\u00a0 <img loading=\"lazy\" decoding=\"async\" class=\"alignnone wp-image-214 size-thumbnail\" src=\"http:\/\/chateau-du-rousset.fr\/wordpress\/wp-content\/uploads\/2018\/07\/m1-petit-1-150x150.jpg\" alt=\"\" width=\"150\" height=\"150\" srcset=\"http:\/\/chateau-du-rousset.fr\/wordpress\/wp-content\/uploads\/2018\/07\/m1-petit-1-150x150.jpg 150w, http:\/\/chateau-du-rousset.fr\/wordpress\/wp-content\/uploads\/2018\/07\/m1-petit-1-100x100.jpg 100w\" sizes=\"(max-width: 150px) 100vw, 150px\" \/>\u00a0\u00a0 <img loading=\"lazy\" decoding=\"async\" class=\"alignnone wp-image-215 size-thumbnail\" src=\"http:\/\/chateau-du-rousset.fr\/wordpress\/wp-content\/uploads\/2018\/07\/canoniere-petit-150x150.jpg\" alt=\"\" width=\"150\" height=\"150\" srcset=\"http:\/\/chateau-du-rousset.fr\/wordpress\/wp-content\/uploads\/2018\/07\/canoniere-petit-150x150.jpg 150w, http:\/\/chateau-du-rousset.fr\/wordpress\/wp-content\/uploads\/2018\/07\/canoniere-petit-100x100.jpg 100w\" sizes=\"(max-width: 150px) 100vw, 150px\" \/><\/p>\n<p>La particularit\u00e9 des \u00e9l\u00e9ments de d\u00e9fense du mur sud ext\u00e9rieur :\u00a0ils sont orient\u00e9s afin de prot\u00e9ger le portail et la remont\u00e9e du chemin apr\u00e8s le passage sur le pont. Une grande partie du\u00a0mur ouest est aveugle. Seule son extr\u00e9mit\u00e9 est \u00e9quip\u00e9e de 9 meurtri\u00e8res qui\u00a0d\u00e9fendent le passage sur le pont et le chemin<\/p>\n<p>Ces meurtri\u00e8res peuvent\u00a0\u00eatre dat\u00e9es de la fin du XVIe si\u00e8cle, puisque ce type d&rsquo;\u00e9lement de d\u00e9fense se retrouvent principalement sur des monuments des guerres de la Ligue. Leur nombre important au ch\u00e2teau du Rousset en fait une exception r\u00e9gionale.<\/p>\n<p>La section de cl\u00f4ture \u00e9tudi\u00e9e en 2014, ainsi que l\u2019ensemble des fortifications du ch\u00e2teau du Rousset, \u00e9voquent une p\u00e9riode sombre de notre histoire : les Guerres de Religion, de 1562 \u00e0 1598, notamment, la Sainte Ligue.<\/p>\n<p>D\u00e8s 1576, noblesse, clerg\u00e9 et bourgeoisie s\u2019unissent, sous le commandement de Fran\u00e7ois de Mandelot, gouverneur de Lyon-Forez, et cr\u00e9ent la Ligue for\u00e9zienne. Ils renouvellent leur serment en 1585.<\/p>\n<p>Fran\u00e7ois de Mandelot est capitaine de 50 hommes d&rsquo;armes parmi lesquels se trouve le seigneur du Rousset, Fran\u00e7ois de Damas. Ce dernier, fervent ligueur est impliqu\u00e9 d\u00e8s les premi\u00e8res heures dans ce conflit. L\u2019am\u00e9nagement exceptionnel de cette section de cl\u00f4ture semble li\u00e9 au choix religieux et politique du seigneur du Rousset, mais \u00e9galement de son p\u00e8re, Georges.<\/p>\n<\/div>\n<\/div>\n<\/div>\n","protected":false},"excerpt":{"rendered":"<p>La cl\u00f4ture du Rousset Un r\u00e9seau de cl\u00f4ture, d&rsquo;un kilom\u00e8tre environ,\u00a0entoure le ch\u00e2teau du Rousset. Du sud \u00e0 l\u2019ouest, la cl\u00f4ture enserre le promontoire rocheux sur une longueur de 56,34 m. Actuellement, cette cl\u00f4ture s\u2019\u00e9l\u00e8ve, \u00e0 peu pr\u00e8s r\u00e9guli\u00e8rement, sur une hauteur de 2 m. Des am\u00e9nagements laissent supposer une hauteur d&rsquo;origine de 3m, environ. &hellip; <\/p>\n<p class=\"link-more\"><a href=\"http:\/\/chateau-du-rousset.fr\/wordpress\/index.php\/campagne-2014\/\" class=\"more-link\">Continuer la lecture<span class=\"screen-reader-text\"> de &laquo;&nbsp;Campagne 2014&nbsp;&raquo;<\/span><\/a><\/p>\n","protected":false},"author":2,"featured_media":0,"parent":0,"menu_order":0,"comment_status":"closed","ping_status":"closed","template":"","meta":{"footnotes":""},"class_list":["post-373","page","type-page","status-publish","hentry"],"_links":{"self":[{"href":"http:\/\/chateau-du-rousset.fr\/wordpress\/index.php\/wp-json\/wp\/v2\/pages\/373"}],"collection":[{"href":"http:\/\/chateau-du-rousset.fr\/wordpress\/index.php\/wp-json\/wp\/v2\/pages"}],"about":[{"href":"http:\/\/chateau-du-rousset.fr\/wordpress\/index.php\/wp-json\/wp\/v2\/types\/page"}],"author":[{"embeddable":true,"href":"http:\/\/chateau-du-rousset.fr\/wordpress\/index.php\/wp-json\/wp\/v2\/users\/2"}],"replies":[{"embeddable":true,"href":"http:\/\/chateau-du-rousset.fr\/wordpress\/index.php\/wp-json\/wp\/v2\/comments?post=373"}],"version-history":[{"count":3,"href":"http:\/\/chateau-du-rousset.fr\/wordpress\/index.php\/wp-json\/wp\/v2\/pages\/373\/revisions"}],"predecessor-version":[{"id":440,"href":"http:\/\/chateau-du-rousset.fr\/wordpress\/index.php\/wp-json\/wp\/v2\/pages\/373\/revisions\/440"}],"wp:attachment":[{"href":"http:\/\/chateau-du-rousset.fr\/wordpress\/index.php\/wp-json\/wp\/v2\/media?parent=373"}],"curies":[{"name":"wp","href":"https:\/\/api.w.org\/{rel}","templated":true}]}}