{"id":375,"date":"2018-09-15T14:10:02","date_gmt":"2018-09-15T12:10:02","guid":{"rendered":"http:\/\/chateau-du-rousset.fr\/wordpress\/?page_id=375"},"modified":"2018-11-09T11:41:05","modified_gmt":"2018-11-09T10:41:05","slug":"campagne-2010","status":"publish","type":"page","link":"http:\/\/chateau-du-rousset.fr\/wordpress\/index.php\/campagne-2010\/","title":{"rendered":"Campagne 2010"},"content":{"rendered":"<h4 style=\"text-align: justify;\">Les commodit\u00e9s<\/h4>\n<p style=\"text-align: justify;\">Au cours de la campagne de travaux 2010, des latrines ont \u00e9t\u00e9 d\u00e9couvertes. Situ\u00e9es au premier \u00e9tage, elles sont partiellement incluses dans le mur\u00a0 (\u00e9vacuation). Une feuillure dans les pieds-droits suppose une porte.<\/p>\n<p style=\"text-align: justify;\"><img loading=\"lazy\" decoding=\"async\" class=\"alignnone wp-image-203\" src=\"http:\/\/chateau-du-rousset.fr\/wordpress\/wp-content\/uploads\/2018\/07\/latrines-petite-226x300.jpg\" alt=\"\" width=\"200\" height=\"265\" srcset=\"http:\/\/chateau-du-rousset.fr\/wordpress\/wp-content\/uploads\/2018\/07\/latrines-petite-226x300.jpg 226w, http:\/\/chateau-du-rousset.fr\/wordpress\/wp-content\/uploads\/2018\/07\/latrines-petite.jpg 446w\" sizes=\"(max-width: 200px) 100vw, 200px\" \/>\u00a0\u00a0 <img loading=\"lazy\" decoding=\"async\" class=\"alignnone wp-image-202\" src=\"http:\/\/chateau-du-rousset.fr\/wordpress\/wp-content\/uploads\/2018\/07\/latrines-2-petite-300x225.jpg\" alt=\"\" width=\"267\" height=\"200\" srcset=\"http:\/\/chateau-du-rousset.fr\/wordpress\/wp-content\/uploads\/2018\/07\/latrines-2-petite-300x225.jpg 300w, http:\/\/chateau-du-rousset.fr\/wordpress\/wp-content\/uploads\/2018\/07\/latrines-2-petite.jpg 591w\" sizes=\"(max-width: 267px) 100vw, 267px\" \/><\/p>\n<p style=\"text-align: justify;\">Il semblerait que le si\u00e8ge et le b\u00e2ti, disparus, \u00e9taient en bois et en encorbellement sur la rivi\u00e8re. Le tuyau en terre cuite, formant un coude, est cal\u00e9 par deux poutres en bois et descend dans l\u2019\u00e9paisseur du mur. Malgr\u00e9 les difficult\u00e9s d\u2019acc\u00e8s, il a \u00e9t\u00e9 possible d\u2019identifier des latrines \u00e0 conduit biais dont le conduit biais d\u00e9bouche sur le parement ext\u00e9rieur avec un dispositif d\u2019\u00e9vacuation gravitaire.<\/p>\n<p style=\"text-align: justify;\">L\u2019am\u00e9nagement, m\u00eame partiel de ces latrines dans la ma\u00e7onnerie, permet de le situer fin XVII\u00e8me\/ d\u00e9but XVIII\u00e8me si\u00e8cle, au moment des modifications de ce secteur.Si l\u2019on se r\u00e9f\u00e8re \u00e0 la vente du ch\u00e2teau, \u00e0 l\u2019\u00e9tage de cet espace, trois chambres prenaient \u00ab leur jour sur la rivi\u00e8re \u00bb et quatre sur la cour. Ces latrines \u00e9taient li\u00e9es soit \u00e0 une chambre particuli\u00e8re soit \u00e0 cet \u00e9tage.<\/p>\n","protected":false},"excerpt":{"rendered":"<p>Les commodit\u00e9s Au cours de la campagne de travaux 2010, des latrines ont \u00e9t\u00e9 d\u00e9couvertes. Situ\u00e9es au premier \u00e9tage, elles sont partiellement incluses dans le mur\u00a0 (\u00e9vacuation). Une feuillure dans les pieds-droits suppose une porte. \u00a0\u00a0 Il semblerait que le si\u00e8ge et le b\u00e2ti, disparus, \u00e9taient en bois et en encorbellement sur la rivi\u00e8re. Le &hellip; <\/p>\n<p class=\"link-more\"><a href=\"http:\/\/chateau-du-rousset.fr\/wordpress\/index.php\/campagne-2010\/\" class=\"more-link\">Continuer la lecture<span class=\"screen-reader-text\"> de &laquo;&nbsp;Campagne 2010&nbsp;&raquo;<\/span><\/a><\/p>\n","protected":false},"author":2,"featured_media":0,"parent":0,"menu_order":0,"comment_status":"closed","ping_status":"closed","template":"","meta":{"footnotes":""},"class_list":["post-375","page","type-page","status-publish","hentry"],"_links":{"self":[{"href":"http:\/\/chateau-du-rousset.fr\/wordpress\/index.php\/wp-json\/wp\/v2\/pages\/375"}],"collection":[{"href":"http:\/\/chateau-du-rousset.fr\/wordpress\/index.php\/wp-json\/wp\/v2\/pages"}],"about":[{"href":"http:\/\/chateau-du-rousset.fr\/wordpress\/index.php\/wp-json\/wp\/v2\/types\/page"}],"author":[{"embeddable":true,"href":"http:\/\/chateau-du-rousset.fr\/wordpress\/index.php\/wp-json\/wp\/v2\/users\/2"}],"replies":[{"embeddable":true,"href":"http:\/\/chateau-du-rousset.fr\/wordpress\/index.php\/wp-json\/wp\/v2\/comments?post=375"}],"version-history":[{"count":2,"href":"http:\/\/chateau-du-rousset.fr\/wordpress\/index.php\/wp-json\/wp\/v2\/pages\/375\/revisions"}],"predecessor-version":[{"id":438,"href":"http:\/\/chateau-du-rousset.fr\/wordpress\/index.php\/wp-json\/wp\/v2\/pages\/375\/revisions\/438"}],"wp:attachment":[{"href":"http:\/\/chateau-du-rousset.fr\/wordpress\/index.php\/wp-json\/wp\/v2\/media?parent=375"}],"curies":[{"name":"wp","href":"https:\/\/api.w.org\/{rel}","templated":true}]}}